{"id":4163,"date":"2025-07-14T14:39:30","date_gmt":"2025-07-14T12:39:30","guid":{"rendered":"https:\/\/zintegrujemy.pl\/?post_type=product&#038;p=4163"},"modified":"2025-07-29T23:20:12","modified_gmt":"2025-07-29T21:20:12","slug":"integracja-z-hurtownia-kawy-coffeedesk-pl","status":"publish","type":"product","link":"https:\/\/zintegrujemy.pl\/en\/gotowe-integracje-hurtownie\/integracja-z-hurtownia-kawy-coffeedesk-pl","title":{"rendered":"Integracja z hurtowni\u0105 kawy Coffeedesk.pl"},"content":{"rendered":"\n<div class=\"wp-block-uagb-advanced-heading uagb-block-fcdd36c7\"><h3 class=\"uagb-heading-text\">Dostarczamy integracje z hurtowni\u0105 <a href=\"https:\/\/Coffeedesk.pl\" target=\"_blank\" rel=\"noreferrer noopener\">Coffeedesk.pl<\/a> dla Twojego e-commerce.<\/h3><\/div>\n\n\n\n<div style=\"height:51px\" aria-hidden=\"true\" class=\"wp-block-spacer\"><\/div>\n\n\n\n<p>Po zakupie, otrzymasz dost\u0119p do aplikacji, w kt\u00f3rej skonfigurujesz integracje i b\u0119dziesz m\u00f3g\u0142 ustawi\u0107 jakie dane maj\u0105 by\u0107 aktualizowane na sklepie. W celu aktywacji integracji potrzebujesz uzyska\u0107 dane bezpo\u015brednio z hurtowni.<\/p>\n\n\n\n<div style=\"height:50px\" aria-hidden=\"true\" class=\"wp-block-spacer\"><\/div>\n\n\n\n<div class=\"wp-block-uagb-advanced-heading uagb-block-2c412ba4\"><h3 class=\"uagb-heading-text\"><strong>Wybierz Sw\u00f3j system sklepowy i zapoznaj si\u0119 z funkcjami integracji:<\/strong><\/h3><\/div>\n\n\n\n<div style=\"height:60px\" aria-hidden=\"true\" class=\"wp-block-spacer\"><\/div>\n\n\n\n<div class=\"wp-block-uagb-container uagb-block-196dead4 alignfull uagb-is-root-container\"><div class=\"uagb-container-inner-blocks-wrap\">\n<div class=\"wp-block-columns is-layout-flex wp-container-core-columns-is-layout-9d6595d7 wp-block-columns-is-layout-flex\">\n<div class=\"wp-block-column is-layout-flow wp-block-column-is-layout-flow\">\n<div data-block-name=\"woocommerce\/single-product\" data-product-id=\"3820\" data-wp-context=\"{&quot;productId&quot;:3820,&quot;variationId&quot;:null}\" data-wp-interactive=\"woocommerce\/single-product\" class=\"wp-block-woocommerce-single-product woocommerce\">\n<div class=\"wp-block-columns is-layout-flex wp-container-core-columns-is-layout-9d6595d7 wp-block-columns-is-layout-flex\">\n<div class=\"wp-block-column is-layout-flow wp-block-column-is-layout-flow\">\n<div data-block-name=\"woocommerce\/single-product\" data-product-id=\"4286\" data-wp-context=\"{&quot;productId&quot;:4286,&quot;variationId&quot;:null}\" data-wp-interactive=\"woocommerce\/single-product\" class=\"wp-block-woocommerce-single-product woocommerce\">\n<div class=\"wp-block-columns is-layout-flex wp-container-core-columns-is-layout-9d6595d7 wp-block-columns-is-layout-flex\">\n<div class=\"wp-block-column is-layout-flow wp-block-column-is-layout-flow\"><div data-block-name=\"woocommerce\/product-image\" data-is-descendent-of-single-product-block=\"true\" data-show-sale-badge=\"false\" class=\"wc-block-components-product-image wc-block-grid__product-image wc-block-components-product-image--aspect-ratio-auto wp-block-woocommerce-product-image\"><a href=\"https:\/\/zintegrujemy.pl\/en\/gotowe-integracje-hurtownie\/integracja-z-hurtownia-kawy-coffeedesk-pl-z-baselinker\" style=\"\" data-wp-on--click=\"woocommerce\/product-collection::actions.viewProduct\"><img decoding=\"async\" width=\"300\" height=\"214\" src=\"https:\/\/zintegrujemy.pl\/wp-content\/uploads\/ab-baselinker-zintegrujemy-300x214.png\" class=\"attachment-woocommerce_single size-woocommerce_single\" alt=\"integracje coffeedesk z baselinkerem\" data-testid=\"product-image\" data-image-id=\"4287\" style=\"object-fit:cover;\" loading=\"lazy\" srcset=\"https:\/\/zintegrujemy.pl\/wp-content\/uploads\/ab-baselinker-zintegrujemy-300x214.png 300w, https:\/\/zintegrujemy.pl\/wp-content\/uploads\/ab-baselinker-zintegrujemy-600x429.png 600w, https:\/\/zintegrujemy.pl\/wp-content\/uploads\/ab-baselinker-zintegrujemy-450x321.png 450w, https:\/\/zintegrujemy.pl\/wp-content\/uploads\/ab-baselinker-zintegrujemy-150x107.png 150w, https:\/\/zintegrujemy.pl\/wp-content\/uploads\/ab-baselinker-zintegrujemy.png 700w\" sizes=\"auto, (max-width: 300px) 100vw, 300px\" \/><div class=\"wc-block-components-product-image__inner-container\"><\/div><\/a><\/div><\/div>\n<\/div>\n<\/div>\n<\/div>\n<\/div>\n<\/div>\n\n\n\n<div style=\"height:20px\" aria-hidden=\"true\" class=\"wp-block-spacer\"><\/div>\n\n\n\n<div class=\"wp-block-uagb-advanced-heading uagb-block-0564c51e\"><h4 class=\"uagb-heading-text\"><strong>BASELINKER<\/strong><\/h4><\/div>\n<\/div>\n\n\n\n<div class=\"wp-block-column is-layout-flow wp-block-column-is-layout-flow\">\n<div data-block-name=\"woocommerce\/single-product\" data-product-id=\"3767\" data-wp-context=\"{&quot;productId&quot;:3767,&quot;variationId&quot;:null}\" data-wp-interactive=\"woocommerce\/single-product\" class=\"wp-block-woocommerce-single-product woocommerce\">\n<div class=\"wp-block-columns is-layout-flex wp-container-core-columns-is-layout-9d6595d7 wp-block-columns-is-layout-flex\">\n<div class=\"wp-block-column is-layout-flow wp-block-column-is-layout-flow\">\n<figure class=\"wp-block-image size-full\"><img loading=\"lazy\" decoding=\"async\" width=\"700\" height=\"500\" src=\"https:\/\/zintegrujemy.pl\/wp-content\/uploads\/3.png\" alt=\"\" class=\"wp-image-4291\" srcset=\"https:\/\/zintegrujemy.pl\/wp-content\/uploads\/3.png 700w, https:\/\/zintegrujemy.pl\/wp-content\/uploads\/3-600x429.png 600w, https:\/\/zintegrujemy.pl\/wp-content\/uploads\/3-450x321.png 450w, https:\/\/zintegrujemy.pl\/wp-content\/uploads\/3-150x107.png 150w, https:\/\/zintegrujemy.pl\/wp-content\/uploads\/3-300x214.png 300w\" sizes=\"auto, (max-width: 700px) 100vw, 700px\" \/><\/figure>\n<\/div>\n<\/div>\n<\/div>\n\n\n\n<div style=\"height:32px\" aria-hidden=\"true\" class=\"wp-block-spacer\"><\/div>\n\n\n\n<div class=\"wp-block-uagb-advanced-heading uagb-block-7b2f22f5\"><h4 class=\"uagb-heading-text\"><strong>SHOPER (Wkr\u00f3tce)<\/strong><\/h4><\/div>\n<\/div>\n\n\n\n<div class=\"wp-block-column is-layout-flow wp-block-column-is-layout-flow\">\n<div data-block-name=\"woocommerce\/single-product\" data-product-id=\"3771\" data-wp-context=\"{&quot;productId&quot;:3771,&quot;variationId&quot;:null}\" data-wp-interactive=\"woocommerce\/single-product\" class=\"wp-block-woocommerce-single-product woocommerce\">\n<div class=\"wp-block-columns is-layout-flex wp-container-core-columns-is-layout-9d6595d7 wp-block-columns-is-layout-flex\">\n<div class=\"wp-block-column is-layout-flow wp-block-column-is-layout-flow\">\n<figure class=\"wp-block-image size-full\"><img loading=\"lazy\" decoding=\"async\" width=\"700\" height=\"500\" src=\"https:\/\/zintegrujemy.pl\/wp-content\/uploads\/4.png\" alt=\"\" class=\"wp-image-4293\" srcset=\"https:\/\/zintegrujemy.pl\/wp-content\/uploads\/4.png 700w, https:\/\/zintegrujemy.pl\/wp-content\/uploads\/4-600x429.png 600w, https:\/\/zintegrujemy.pl\/wp-content\/uploads\/4-450x321.png 450w, https:\/\/zintegrujemy.pl\/wp-content\/uploads\/4-150x107.png 150w, https:\/\/zintegrujemy.pl\/wp-content\/uploads\/4-300x214.png 300w\" sizes=\"auto, (max-width: 700px) 100vw, 700px\" \/><\/figure>\n<\/div>\n<\/div>\n<\/div>\n\n\n\n<div style=\"height:35px\" aria-hidden=\"true\" class=\"wp-block-spacer\"><\/div>\n\n\n\n<div class=\"wp-block-uagb-advanced-heading uagb-block-a8ebf593\"><h4 class=\"uagb-heading-text\"><strong>WOOCOMMERCE (Wkr\u00f3tce)<\/strong><\/h4><\/div>\n<\/div>\n<\/div>\n\n\n\n<div class=\"wp-block-columns is-layout-flex wp-container-core-columns-is-layout-9d6595d7 wp-block-columns-is-layout-flex\">\n<div class=\"wp-block-column is-layout-flow wp-block-column-is-layout-flow\" style=\"flex-basis:33.33%\">\n<figure class=\"wp-block-image size-full\"><a href=\"https:\/\/zintegrujemy.pl\/kontakt\" target=\"_blank\" rel=\" noreferrer noopener\"><img loading=\"lazy\" decoding=\"async\" width=\"350\" height=\"235\" src=\"https:\/\/zintegrujemy.pl\/wp-content\/uploads\/dowolna-integracja-zintegrujemy-1.png\" alt=\"\" class=\"wp-image-4103\" srcset=\"https:\/\/zintegrujemy.pl\/wp-content\/uploads\/dowolna-integracja-zintegrujemy-1.png 350w, https:\/\/zintegrujemy.pl\/wp-content\/uploads\/dowolna-integracja-zintegrujemy-1-150x101.png 150w, https:\/\/zintegrujemy.pl\/wp-content\/uploads\/dowolna-integracja-zintegrujemy-1-300x201.png 300w\" sizes=\"auto, (max-width: 350px) 100vw, 350px\" \/><\/a><\/figure>\n\n\n\n<div style=\"height:35px\" aria-hidden=\"true\" class=\"wp-block-spacer\"><\/div>\n\n\n\n<div class=\"wp-block-uagb-buttons uagb-buttons__outer-wrap uagb-btn__default-btn uagb-btn-tablet__default-btn uagb-btn-mobile__default-btn uagb-block-bad56afe\"><div class=\"uagb-buttons__wrap uagb-buttons-layout-wrap \">\n<div class=\"wp-block-uagb-buttons-child uagb-buttons__outer-wrap uagb-block-9b8507fc wp-block-button\"><div class=\"uagb-button__wrapper\"><a class=\"uagb-buttons-repeater wp-block-button__link\" aria-label=\"\" href=\"https:\/\/zintegrujemy.pl\/kontakt\" rel=\"follow noopener\" target=\"_blank\" role=\"button\"><div class=\"uagb-button__link\">ZADAJ PYTANIE<\/div><span class=\"uagb-button__icon uagb-button__icon-position-after\"><svg xmlns=\"https:\/\/www.w3.org\/2000\/svg\" viewBox=\"0 0 448 512\" aria-hidden=\"true\" focussable=\"false\"><path d=\"M438.6 278.6l-160 160C272.4 444.9 264.2 448 256 448s-16.38-3.125-22.62-9.375c-12.5-12.5-12.5-32.75 0-45.25L338.8 288H32C14.33 288 .0016 273.7 .0016 256S14.33 224 32 224h306.8l-105.4-105.4c-12.5-12.5-12.5-32.75 0-45.25s32.75-12.5 45.25 0l160 160C451.1 245.9 451.1 266.1 438.6 278.6z\"><\/path><\/svg><\/span><\/a><\/div><\/div>\n<\/div><\/div>\n<\/div>\n\n\n\n<div class=\"wp-block-column is-layout-flow wp-block-column-is-layout-flow\" style=\"flex-basis:66.66%\"><\/div>\n<\/div>\n<\/div><\/div>\n","protected":false},"excerpt":{"rendered":"<p>Dostarczamy integracje z hurtowni\u0105 Coffeedesk.pl dla Twojego e-commerce. Po zakupie, otrzymasz dost\u0119p do aplikacji, w kt\u00f3rej skonfigurujesz integracje i b\u0119dziesz m\u00f3g\u0142 ustawi\u0107 jakie dane maj\u0105 by\u0107 aktualizowane na sklepie. W celu aktywacji integracji potrzebujesz uzyska\u0107 dane bezpo\u015brednio z hurtowni. Wybierz Sw\u00f3j system sklepowy i zapoznaj si\u0119 z funkcjami integracji: BASELINKER SHOPER (Wkr\u00f3tce) WOOCOMMERCE (Wkr\u00f3tce)<\/p>\n","protected":false},"featured_media":4167,"template":"","meta":{"_acf_changed":false,"_uag_custom_page_level_css":""},"product_brand":[],"product_cat":[27,77,80],"product_tag":[],"class_list":{"0":"post-4163","1":"product","2":"type-product","3":"status-publish","4":"has-post-thumbnail","6":"product_cat-gotowe-integracje","7":"product_cat-gotowe-integracje-hurtownie","8":"product_cat-gotowe-integracje-wszystkie-integracje","9":"pa_hurtownie-coffeedesk-pl","11":"first","12":"instock","13":"taxable","14":"shipping-taxable","15":"product-type-simple"},"acf":[],"uagb_featured_image_src":{"full":["https:\/\/zintegrujemy.pl\/wp-content\/uploads\/coffeedesk-logo.png",512,299,false],"thumbnail":["https:\/\/zintegrujemy.pl\/wp-content\/uploads\/coffeedesk-logo-450x263.png",450,263,true],"medium":["https:\/\/zintegrujemy.pl\/wp-content\/uploads\/coffeedesk-logo.png",512,299,false],"medium_large":["https:\/\/zintegrujemy.pl\/wp-content\/uploads\/coffeedesk-logo.png",512,299,false],"large":["https:\/\/zintegrujemy.pl\/wp-content\/uploads\/coffeedesk-logo.png",512,299,false],"1536x1536":["https:\/\/zintegrujemy.pl\/wp-content\/uploads\/coffeedesk-logo.png",512,299,false],"2048x2048":["https:\/\/zintegrujemy.pl\/wp-content\/uploads\/coffeedesk-logo.png",512,299,false],"woocommerce_thumbnail":["https:\/\/zintegrujemy.pl\/wp-content\/uploads\/coffeedesk-logo-150x88.png",150,88,true],"woocommerce_single":["https:\/\/zintegrujemy.pl\/wp-content\/uploads\/coffeedesk-logo-300x175.png",300,175,true],"woocommerce_gallery_thumbnail":["https:\/\/zintegrujemy.pl\/wp-content\/uploads\/coffeedesk-logo-100x100.png",100,100,true]},"uagb_author_info":{"display_name":"Tomek","author_link":"https:\/\/zintegrujemy.pl\/en\/author"},"uagb_comment_info":0,"uagb_excerpt":"Dostarczamy integracje z hurtowni\u0105 Coffeedesk.pl dla Twojego e-commerce. Po zakupie, otrzymasz dost\u0119p do aplikacji, w kt\u00f3rej skonfigurujesz integracje i b\u0119dziesz m\u00f3g\u0142 ustawi\u0107 jakie dane maj\u0105 by\u0107 aktualizowane na sklepie. W celu aktywacji integracji potrzebujesz uzyska\u0107 dane bezpo\u015brednio z hurtowni. Wybierz Sw\u00f3j system sklepowy i zapoznaj si\u0119 z funkcjami integracji: BASELINKER SHOPER (Wkr\u00f3tce) WOOCOMMERCE (Wkr\u00f3tce)","_links":{"self":[{"href":"https:\/\/zintegrujemy.pl\/en\/wp-json\/wp\/v2\/product\/4163","targetHints":{"allow":["GET"]}}],"collection":[{"href":"https:\/\/zintegrujemy.pl\/en\/wp-json\/wp\/v2\/product"}],"about":[{"href":"https:\/\/zintegrujemy.pl\/en\/wp-json\/wp\/v2\/types\/product"}],"wp:featuredmedia":[{"embeddable":true,"href":"https:\/\/zintegrujemy.pl\/en\/wp-json\/wp\/v2\/media\/4167"}],"wp:attachment":[{"href":"https:\/\/zintegrujemy.pl\/en\/wp-json\/wp\/v2\/media?parent=4163"}],"wp:term":[{"taxonomy":"product_brand","embeddable":true,"href":"https:\/\/zintegrujemy.pl\/en\/wp-json\/wp\/v2\/product_brand?post=4163"},{"taxonomy":"product_cat","embeddable":true,"href":"https:\/\/zintegrujemy.pl\/en\/wp-json\/wp\/v2\/product_cat?post=4163"},{"taxonomy":"product_tag","embeddable":true,"href":"https:\/\/zintegrujemy.pl\/en\/wp-json\/wp\/v2\/product_tag?post=4163"}],"curies":[{"name":"wp","href":"https:\/\/api.w.org\/{rel}","templated":true}]}}