{"id":3823,"date":"2025-05-14T20:59:56","date_gmt":"2025-05-14T18:59:56","guid":{"rendered":"https:\/\/zintegrujemy.pl\/?post_type=product&#038;p=3823"},"modified":"2025-07-29T22:54:12","modified_gmt":"2025-07-29T20:54:12","slug":"integracja-hurtowni-ab-z-baselinker","status":"publish","type":"product","link":"https:\/\/zintegrujemy.pl\/en\/gotowe-integracje-hurtownie\/integracja-hurtowni-ab-z-baselinker","title":{"rendered":"Integracja z hurtowni\u0105 wielobran\u017cow\u0105 AB.pl z Baselinker"},"content":{"rendered":"\n<div class=\"wp-block-uagb-container uagb-block-93975910 alignfull uagb-is-root-container\"><div class=\"uagb-container-inner-blocks-wrap\">\n<div class=\"wp-block-uagb-container uagb-block-04611bc6\">\n<h3 class=\"wp-block-heading\" style=\"font-size:26px\">\ud83d\udd0c Integracja z hurtowni\u0105 wielobran\u017cow\u0105 AB.pl z Baselinker (Hurt\/Dropshipping)<\/h3>\n\n\n\n<p><strong>Cena<\/strong>: 199 z\u0142 netto \/ miesi\u0105c<br><strong>Jednorazowa op\u0142ata instalacyjna<\/strong>: 200 z\u0142 netto<\/p>\n\n\n\n<p><br><strong>Zakup przez:<\/strong><\/p>\n\n\n\n<div class=\"wp-block-uagb-buttons uagb-buttons__outer-wrap uagb-btn__default-btn uagb-btn-tablet__default-btn uagb-btn-mobile__default-btn uagb-block-e02055d2\"><div class=\"uagb-buttons__wrap uagb-buttons-layout-wrap \">\n<div class=\"wp-block-uagb-buttons-child uagb-buttons__outer-wrap uagb-block-b06fb003 wp-block-button\"><div class=\"uagb-button__wrapper\"><a class=\"uagb-buttons-repeater wp-block-button__link\" aria-label=\"\" href=\"https:\/\/zintegrujemy.pl\/cennik-gotowych-integracji\" rel=\"follow noopener\" target=\"_blank\" role=\"button\"><div class=\"uagb-button__link\">cennik integracji<\/div><span class=\"uagb-button__icon uagb-button__icon-position-after\"><svg xmlns=\"https:\/\/www.w3.org\/2000\/svg\" viewBox=\"0 0 448 512\" aria-hidden=\"true\" focussable=\"false\"><path d=\"M438.6 278.6l-160 160C272.4 444.9 264.2 448 256 448s-16.38-3.125-22.62-9.375c-12.5-12.5-12.5-32.75 0-45.25L338.8 288H32C14.33 288 .0016 273.7 .0016 256S14.33 224 32 224h306.8l-105.4-105.4c-12.5-12.5-12.5-32.75 0-45.25s32.75-12.5 45.25 0l160 160C451.1 245.9 451.1 266.1 438.6 278.6z\"><\/path><\/svg><\/span><\/a><\/div><\/div>\n<\/div><\/div>\n\n\n\n<p>Po zakupie otrzymasz dost\u0119p do aplikacji Zintegrujemy, w kt\u00f3rej skonfigurujesz integracj\u0119 i dostosujesz ustawienia aktualizacji danych w sklepie.<\/p>\n\n\n\n<p>*Aby m\u00f3c skorzysta\u0107 z integracji skontaktuj si\u0119 z hurtowni\u0105 AB.pl i nawi\u0105\u017c warunki wsp\u00f3\u0142pracy.<br>Tylko klienci posiadaj\u0105cy dost\u0119p do API w AB.pl b\u0119d\u0105 mogli skorzysta\u0107 z integracji.<\/p>\n\n\n\n<p>*Hurtownia wsp\u00f3\u0142pracuje w hurcie oraz w dropshippingu.<\/p>\n<\/div>\n\n\n\n<div class=\"wp-block-uagb-container uagb-block-e7aaab66\">\n<figure class=\"wp-block-image size-full\"><img loading=\"lazy\" decoding=\"async\" width=\"700\" height=\"500\" src=\"https:\/\/zintegrujemy.pl\/wp-content\/uploads\/integracja-z-hurtownia-ab-baselinker-zintegrujemy.png\" alt=\"integracja hurtowni ab z baselinkerem zintegrujemy\" class=\"wp-image-3824\" srcset=\"https:\/\/zintegrujemy.pl\/wp-content\/uploads\/integracja-z-hurtownia-ab-baselinker-zintegrujemy.png 700w, https:\/\/zintegrujemy.pl\/wp-content\/uploads\/integracja-z-hurtownia-ab-baselinker-zintegrujemy-600x429.png 600w, https:\/\/zintegrujemy.pl\/wp-content\/uploads\/integracja-z-hurtownia-ab-baselinker-zintegrujemy-450x321.png 450w, https:\/\/zintegrujemy.pl\/wp-content\/uploads\/integracja-z-hurtownia-ab-baselinker-zintegrujemy-150x107.png 150w, https:\/\/zintegrujemy.pl\/wp-content\/uploads\/integracja-z-hurtownia-ab-baselinker-zintegrujemy-300x214.png 300w\" sizes=\"auto, (max-width: 700px) 100vw, 700px\" \/><\/figure>\n<\/div>\n<\/div><\/div>\n\n\n<\/p>\n<h3><strong>Integracja pomi\u0119dzy AB.pl a Baselinkerem umo\u017cliwia:<\/strong><\/h3>\n<\/p>\n<ol>\n<li>Tworzenie nowych produkt\u00f3w w Baselinkerze<\/li>\n<li>Aktualizacja cen i stan\u00f3w magazynowych w Baselinkerze<\/li>\n<li>Aktualizacja istniej\u0105cych produkt\u00f3w w Baselinkerze<\/li>\n<li>Usuwanie wycofanych produkt\u00f3w w Baselinkerze<\/li>\n<li>Tworzenie narzut\u00f3w cenowych<\/li>\n<\/ol>\n<h3><strong>Cz\u0119stotliwo\u015b\u0107 aktualizacji produkt\u00f3w:<\/strong><\/h3>\n<\/p>\n<ol>\n<li>aktualizacja stan\u00f3w magazynowych oraz cen <strong>co 10 minut!<\/strong><\/li>\n<li>Pobieramy nowe produkty, kt\u00f3re pojawi\u0105 si\u0119 w ofercie hurtowni &#8211; <strong>raz na dob\u0119.<\/strong><\/li>\n<li>Usuwamy produkty, kt\u00f3re znikaj\u0105 z oferty hurtowni na Twoim sklepie w okre\u015blonym odst\u0119pie czasowym. <strong>Sprzedajesz to co faktycznie jest na hurtowni.<\/strong><\/li>\n<\/ol>\n<p>Integracja pozwala na integracj\u0119 wszystkich produkt\u00f3w z AB z wyj\u0105tkiem produkt\u00f3w dost\u0119pnych na zam\u00f3wienie.<\/p>\n<\/p>\n<h2>Szczeg\u00f3\u0142owy opis integracji pomi\u0119dzy hurtowni\u0105 AB, a systemem Baselinker:<\/h2>\n<\/p>\n<h3>1.\u00a0\u00a0\u00a0 Tworzenie nowych produkt\u00f3w<\/h3>\n<p>Dane o produktach AB aktualizuje raz dziennie. Nowe produkty kt\u00f3re zosta\u0142y dodane do oferty AB s\u0105 tworzone w Baselinkerze klienta. Nowe produkty przypisywane s\u0105 do odpowiednich kategorii. Je\u017celi drzewko kategorii danego produktu istnieje w baselinkerze lub kategoria AB zosta\u0142a wcze\u015bniej przypisana w module do kategorii sklepu produkt jest tworzony w danym drzewku. Je\u017celi drzewko kategorii nie istnieje, to w sklepie tworzona jest kategoria \u201eZintegrujemy-AB\u201d do kt\u00f3rej nast\u0119pnie przypisywane jest drzewko kategorii tworzonego produktu. Kategori\u0119 \u201eZintegrujemy-AB\u201d zalecamy ustawi\u0107 jako ukryt\u0105. Poza kategoriami, w sklepie tworzeni s\u0105 producenci, atrybuty, jednostki oraz stawki VAT. W module dost\u0119pne s\u0105 poni\u017csze ustawienia do kontroli produkt\u00f3w:<\/p>\n<p>&#8211; Ukrywaj nowe produkty \u2013 Nowe produkty nie powinny by\u0107 domy\u015blnie aktywowane w sklepie.<\/p>\n<p>&#8211; Tylko produkty dost\u0119pne w 24h &#8211; Integracja uwzgl\u0119dnia tylko produkty kt\u00f3re s\u0105 dost\u0119pne do wysy\u0142ki w maksymalnie 24h.<\/p>\n<\/p>\n<h3>2.\u00a0\u00a0\u00a0 Aktualizacja cen i stan\u00f3w magazynowych AB<\/h3>\n<p>Integracja <strong>pobiera aktualne ceny oraz stany magazynowe dla produkt\u00f3w z oferty AB<\/strong>. Je\u017celi AB nie zwr\u00f3ci ceny lub stanu magazynowego dla istniej\u0105cego produktu (gdy na przyk\u0142ad zosta\u0142 wycofany z oferty), produkt jest zaznaczany jako wycofany z oferty AB. Wi\u0119cej szczeg\u00f3\u0142\u00f3w w sekcjach po\u015bwi\u0119conych aktualizacji istniej\u0105cych produkt\u00f3w oraz usuwaniu produkt\u00f3w AB z Baselinkera. Narzut oraz zaokr\u0105glanie cen mo\u017cna ustawi\u0107 w module w ustawieniach og\u00f3lnych:<\/p>\n<p>&#8211; Procent globalnego narzutu &#8211; Procentowa warto\u015b\u0107 globalnego narzutu do kosztu bazowego produktu.<\/p>\n<p>&#8211; Zaokr\u0105glanie cen &#8211; Format zaokr\u0105glania wygenerowanych cen. Do wyboru opcje \u201edo dziesi\u0105tek groszy w d\u00f3\u0142\u201d, \u201edo z\u0142ot\u00f3wek w d\u00f3\u0142\u201d, \u201edo z\u0142ot\u00f3wek w g\u00f3r\u0119\u201d oraz \u201edo dziesi\u0105tek groszy w g\u00f3r\u0119\u201d.<\/p>\n<p>Narzuty mo\u017cna r\u00f3wnie\u017c definiowa\u0107 dla produkt\u00f3w, kategorii oraz producent\u00f3w. Wi\u0119cej informacji o narzutach w sekcji \u201eNarzuty\u201d.<\/p>\n<\/p>\n<h3>3.\u00a0\u00a0\u00a0 Aktualizacja istniej\u0105cych produkt\u00f3w<\/h3>\n<p>Produkty kt\u00f3re zosta\u0142y zaktualizowane od momentu ostatniego uruchomienia synchronizacji <strong>(odst\u0119py 10 minutowe)<\/strong>, poprzez zmian\u0119 ceny, stanu magazynowego, kategorii lub zdj\u0119cia produktu (w zale\u017cno\u015bci od ustawie\u0144 integracji) s\u0105 aktualizowane na sklepie klienta. W przypadku, je\u017celi produkt jest tymczasowo wycofany z oferty, stan magazynowy ustawiany jest na 0.<\/p>\n<h3>4.\u00a0\u00a0\u00a0 Narzuty<\/h3>\n<p>Procentowy narzut mo\u017cna ustawi\u0107 dla poszczeg\u00f3lnego produktu, kategorii lub producenta. Narzuty producenta, kategorii oraz globalny mo\u017cna definiowa\u0107 dla poszczeg\u00f3lnych przedzia\u0142\u00f3w cenowych (np. 0 \u2013 100: 5%, 101 \u2013 1000: 3% itd.). Hierarchia narzut\u00f3w wygl\u0105da nast\u0119puj\u0105co \u2013 im ni\u017cszy numer na li\u015bcie, tym wi\u0119ksze \u201epierwsze\u0144stwo\u201d narzutu:<\/p>\n<ol>\n<li>Narzut na produkt<\/li>\n<li>Narzut na producenta<\/li>\n<li>Narzut na kategori\u0119<\/li>\n<li>Narzut globalny<\/li>\n<\/ol>\n<p>Oznacza to, \u017ce je\u017celi produkt nie ma przypisanego bezpo\u015bredniego narzutu, a jest przypisany narzut 5% na producenta, 10% na kategori\u0119 i 15% globalny, cena produktu w sklepie b\u0119dzie zdefiniowana z 5% narzutem.<\/p>\n<\/p>\n<hr \/>","protected":false},"excerpt":{"rendered":"<p>\ud83d\udd0c Integracja z hurtowni\u0105 wielobran\u017cow\u0105 AB.pl z Baselinker (Hurt\/Dropshipping) Cena: 199 z\u0142 netto \/ miesi\u0105cJednorazowa op\u0142ata instalacyjna: 200 z\u0142 netto Zakup przez: Po zakupie otrzymasz dost\u0119p do aplikacji Zintegrujemy, w kt\u00f3rej skonfigurujesz integracj\u0119 i dostosujesz ustawienia aktualizacji danych w sklepie. *Aby m\u00f3c skorzysta\u0107 z integracji skontaktuj si\u0119 z hurtowni\u0105 AB.pl i nawi\u0105\u017c warunki wsp\u00f3\u0142pracy.Tylko klienci&#8230; <span class=\"excerpt\"><a class=\"button button-excerpt\" href=\"https:\/\/zintegrujemy.pl\/en\/gotowe-integracje-hurtownie\/integracja-hurtowni-ab-z-baselinker\" class=\"more-link\">Read more <span class=\"screen-reader-text\">Integracja z hurtowni\u0105 wielobran\u017cow\u0105 AB.pl z Baselinker<\/span><\/a><\/span><\/p>\n","protected":false},"featured_media":3824,"template":"","meta":{"_acf_changed":false,"_uag_custom_page_level_css":""},"product_brand":[],"product_cat":[28],"product_tag":[],"class_list":{"0":"post-3823","1":"product","2":"type-product","3":"status-publish","4":"has-post-thumbnail","6":"product_cat-hurtownie","8":"first","9":"instock","10":"taxable","11":"shipping-taxable","12":"product-type-simple"},"acf":[],"uagb_featured_image_src":{"full":["https:\/\/zintegrujemy.pl\/wp-content\/uploads\/integracja-z-hurtownia-ab-baselinker-zintegrujemy.png",700,500,false],"thumbnail":["https:\/\/zintegrujemy.pl\/wp-content\/uploads\/integracja-z-hurtownia-ab-baselinker-zintegrujemy-450x321.png",450,321,true],"medium":["https:\/\/zintegrujemy.pl\/wp-content\/uploads\/integracja-z-hurtownia-ab-baselinker-zintegrujemy-600x429.png",600,429,true],"medium_large":["https:\/\/zintegrujemy.pl\/wp-content\/uploads\/integracja-z-hurtownia-ab-baselinker-zintegrujemy.png",640,457,false],"large":["https:\/\/zintegrujemy.pl\/wp-content\/uploads\/integracja-z-hurtownia-ab-baselinker-zintegrujemy.png",640,457,false],"1536x1536":["https:\/\/zintegrujemy.pl\/wp-content\/uploads\/integracja-z-hurtownia-ab-baselinker-zintegrujemy.png",700,500,false],"2048x2048":["https:\/\/zintegrujemy.pl\/wp-content\/uploads\/integracja-z-hurtownia-ab-baselinker-zintegrujemy.png",700,500,false],"woocommerce_thumbnail":["https:\/\/zintegrujemy.pl\/wp-content\/uploads\/integracja-z-hurtownia-ab-baselinker-zintegrujemy-150x107.png",150,107,true],"woocommerce_single":["https:\/\/zintegrujemy.pl\/wp-content\/uploads\/integracja-z-hurtownia-ab-baselinker-zintegrujemy-300x214.png",300,214,true],"woocommerce_gallery_thumbnail":["https:\/\/zintegrujemy.pl\/wp-content\/uploads\/integracja-z-hurtownia-ab-baselinker-zintegrujemy-100x100.png",100,100,true]},"uagb_author_info":{"display_name":"Tomek","author_link":"https:\/\/zintegrujemy.pl\/en\/author"},"uagb_comment_info":0,"uagb_excerpt":"\ud83d\udd0c Integracja z hurtowni\u0105 wielobran\u017cow\u0105 AB.pl z Baselinker (Hurt\/Dropshipping) Cena: 199 z\u0142 netto \/ miesi\u0105cJednorazowa op\u0142ata instalacyjna: 200 z\u0142 netto Zakup przez: Po zakupie otrzymasz dost\u0119p do aplikacji Zintegrujemy, w kt\u00f3rej skonfigurujesz integracj\u0119 i dostosujesz ustawienia aktualizacji danych w sklepie. *Aby m\u00f3c skorzysta\u0107 z integracji skontaktuj si\u0119 z hurtowni\u0105 AB.pl i nawi\u0105\u017c warunki wsp\u00f3\u0142pracy.Tylko klienci...&hellip;","_links":{"self":[{"href":"https:\/\/zintegrujemy.pl\/en\/wp-json\/wp\/v2\/product\/3823","targetHints":{"allow":["GET"]}}],"collection":[{"href":"https:\/\/zintegrujemy.pl\/en\/wp-json\/wp\/v2\/product"}],"about":[{"href":"https:\/\/zintegrujemy.pl\/en\/wp-json\/wp\/v2\/types\/product"}],"wp:featuredmedia":[{"embeddable":true,"href":"https:\/\/zintegrujemy.pl\/en\/wp-json\/wp\/v2\/media\/3824"}],"wp:attachment":[{"href":"https:\/\/zintegrujemy.pl\/en\/wp-json\/wp\/v2\/media?parent=3823"}],"wp:term":[{"taxonomy":"product_brand","embeddable":true,"href":"https:\/\/zintegrujemy.pl\/en\/wp-json\/wp\/v2\/product_brand?post=3823"},{"taxonomy":"product_cat","embeddable":true,"href":"https:\/\/zintegrujemy.pl\/en\/wp-json\/wp\/v2\/product_cat?post=3823"},{"taxonomy":"product_tag","embeddable":true,"href":"https:\/\/zintegrujemy.pl\/en\/wp-json\/wp\/v2\/product_tag?post=3823"}],"curies":[{"name":"wp","href":"https:\/\/api.w.org\/{rel}","templated":true}]}}