{"id":3774,"date":"2025-04-22T14:00:09","date_gmt":"2025-04-22T12:00:09","guid":{"rendered":"https:\/\/zintegrujemy.pl\/?post_type=product&#038;p=3774"},"modified":"2025-07-14T14:50:46","modified_gmt":"2025-07-14T12:50:46","slug":"integracja-subiekt-gt-shoper","status":"publish","type":"product","link":"https:\/\/zintegrujemy.pl\/en\/gotowe-integracje-hurtownie\/integracja-subiekt-gt-shoper","title":{"rendered":"Integracja z Subiekt GT z Shoper"},"content":{"rendered":"<h1>Integracja Subiekt GT z platform\u0105 Shoper.pl<\/h1>\n<p><strong>Cena<\/strong>: Na zlecenie<\/p>\n<h3>Szczeg\u00f3\u0142owy opis integracji pomi\u0119dzy Subiekt GT, a Shoper.pl<\/h3>\n<h3>Pobieranie i aktualizowanie produkt\u00f3w z Subiekt do Shoper:<\/h3>\n<ul>\n<li>Aktualizacja stan\u00f3w magazynowych oraz cen <strong>co 10 minut &#8211; <\/strong>z Subiekt GT do sklepu Shoper<\/li>\n<li>Pobieranie nowych produkt\u00f3w z Subiekta GT do sklepu Shoper &#8211; Raz na dob\u0119<\/li>\n<li>Pobieranie nowych produkt\u00f3w ze sklepu Shoper do Subiekt GT &#8211; Raz na dob\u0119<\/li>\n<li>Usuwanie produkt\u00f3w na sklepie Shoper, tych kt\u00f3re zostaj\u0105 usuni\u0119te w Subiekcie. &#8211; Raz na dob\u0119.<\/li>\n<li>Matchowanie istniej\u0105cych produkt\u00f3w w sklepie Shoper z istniej\u0105cymi produktami w Subiekcie po wsp\u00f3lnych kodach EAN lub SKU<\/li>\n<\/ul>\n<h3>Pobieranie zam\u00f3wie\u0144 z Shoper do Subiekt GT:<\/h3>\n<ol>\n<li>Dodawanie zam\u00f3wie\u0144 ZK do Subiekta &#8211; opcja wyboru &#8211; wszystkie lub po statusie op\u0142acone<\/li>\n<li>Tworzenie faktur sprzeda\u017cy<\/li>\n<li>Tworzenie paragon\u00f3w<\/li>\n<li>Wielomagazynowo\u015b\u0107 w Subiekcie &#8211; mo\u017cliwo\u015b\u0107 powi\u0105zania magazyn\u00f3w z Subiekta z magazynami w sklepie.<\/li>\n<li>Obs\u0142uga zwrot\u00f3w<\/li>\n<\/ol>\n<h3>Tworzenie Kontrahent\u00f3w w Subiekt GT.<\/h3>\n<ul>\n<li>Dodawanie kontrahenta do subiekta &#8211; matchowanie na podstawie NIP oraz osoby prywatne po e-mail<\/li>\n<li>Dodawanie kontrahenta jednorazowego &#8211; opcja wyboru<\/li>\n<\/ul>\n<p><strong>Uwaga: Do Subiekta GT nale\u017cy mie\u0107 wykupion\u0105 i aktywn\u0105 Sfer\u0119 (modu\u0142 do komunikacji zewn\u0119trznej dla Subiekta)<\/strong><\/p>\n<h3>Czym jest system Subiekt GT?<\/h3>\n<p class=\"\" data-start=\"0\" data-end=\"513\">Subiekt GT to jeden z najpopularniejszych w Polsce system\u00f3w sprzeda\u017cowo-magazynowych, stworzony przez firm\u0119 InsERT. Jest to zaawansowany, a jednocze\u015bnie intuicyjny w obs\u0142udze program, kt\u00f3ry znajduje szerokie zastosowanie w ma\u0142ych i \u015brednich firmach handlowych, us\u0142ugowych oraz produkcyjnych.<\/p>\n<h3>Opis platformy Shoper.pl<\/h3>\n<p class=\"\" data-start=\"0\" data-end=\"475\">Shoper.pl to kompleksowa, polska platforma e-commerce dzia\u0142aj\u0105ca w modelu SaaS (Software as a Service), kt\u00f3ra umo\u017cliwia tworzenie i prowadzenie w\u0142asnego sklepu internetowego bez konieczno\u015bci anga\u017cowania zespo\u0142u programistycznego. Jest to rozwi\u0105zanie zaprojektowane z my\u015bl\u0105 o ma\u0142ych i \u015brednich firmach, kt\u00f3re chc\u0105 szybko i efektywnie rozpocz\u0105\u0107 sprzeda\u017c online, a jednocze\u015bnie oczekuj\u0105 stabilno\u015bci, bezpiecze\u0144stwa i pe\u0142nej obs\u0142ugi technicznej ze strony dostawcy oprogramowania.<\/p>\n<p class=\"\" data-start=\"2304\" data-end=\"2796\">\n","protected":false},"excerpt":{"rendered":"<p>Integracja Subiekt GT z platform\u0105 Shoper.pl Cena: Na zlecenie Szczeg\u00f3\u0142owy opis integracji pomi\u0119dzy Subiekt GT, a Shoper.pl Pobieranie i aktualizowanie produkt\u00f3w z Subiekt do Shoper: Aktualizacja stan\u00f3w magazynowych oraz cen co 10 minut &#8211; z Subiekt GT do sklepu Shoper Pobieranie nowych produkt\u00f3w z Subiekta GT do sklepu Shoper &#8211; Raz na dob\u0119 Pobieranie nowych&#8230; <span class=\"excerpt\"><a class=\"button button-excerpt\" href=\"https:\/\/zintegrujemy.pl\/en\/gotowe-integracje-hurtownie\/integracja-subiekt-gt-shoper\" class=\"more-link\">Read more <span class=\"screen-reader-text\">Integracja z Subiekt GT z Shoper<\/span><\/a><\/span><\/p>\n","protected":false},"featured_media":3777,"template":"","meta":{"_acf_changed":false,"_uag_custom_page_level_css":""},"product_brand":[],"product_cat":[29],"product_tag":[],"class_list":{"0":"post-3774","1":"product","2":"type-product","3":"status-publish","4":"has-post-thumbnail","6":"product_cat-systemy-ksiegowo-magazynowe-erp","8":"first","9":"instock","10":"taxable","11":"shipping-taxable","12":"product-type-simple"},"acf":[],"uagb_featured_image_src":{"full":["https:\/\/zintegrujemy.pl\/wp-content\/uploads\/subiekt_shoper.png",700,467,false],"thumbnail":["https:\/\/zintegrujemy.pl\/wp-content\/uploads\/subiekt_shoper-450x300.png",450,300,true],"medium":["https:\/\/zintegrujemy.pl\/wp-content\/uploads\/subiekt_shoper-600x400.png",600,400,true],"medium_large":["https:\/\/zintegrujemy.pl\/wp-content\/uploads\/subiekt_shoper.png",640,427,false],"large":["https:\/\/zintegrujemy.pl\/wp-content\/uploads\/subiekt_shoper.png",640,427,false],"1536x1536":["https:\/\/zintegrujemy.pl\/wp-content\/uploads\/subiekt_shoper.png",700,467,false],"2048x2048":["https:\/\/zintegrujemy.pl\/wp-content\/uploads\/subiekt_shoper.png",700,467,false],"woocommerce_thumbnail":["https:\/\/zintegrujemy.pl\/wp-content\/uploads\/subiekt_shoper-150x100.png",150,100,true],"woocommerce_single":["https:\/\/zintegrujemy.pl\/wp-content\/uploads\/subiekt_shoper-300x200.png",300,200,true],"woocommerce_gallery_thumbnail":["https:\/\/zintegrujemy.pl\/wp-content\/uploads\/subiekt_shoper-100x100.png",100,100,true]},"uagb_author_info":{"display_name":"Tomek","author_link":"https:\/\/zintegrujemy.pl\/en\/author"},"uagb_comment_info":0,"uagb_excerpt":"Integracja Subiekt GT z platform\u0105 Shoper.pl Cena: Na zlecenie Szczeg\u00f3\u0142owy opis integracji pomi\u0119dzy Subiekt GT, a Shoper.pl Pobieranie i aktualizowanie produkt\u00f3w z Subiekt do Shoper: Aktualizacja stan\u00f3w magazynowych oraz cen co 10 minut &#8211; z Subiekt GT do sklepu Shoper Pobieranie nowych produkt\u00f3w z Subiekta GT do sklepu Shoper &#8211; Raz na dob\u0119 Pobieranie nowych...&hellip;","_links":{"self":[{"href":"https:\/\/zintegrujemy.pl\/en\/wp-json\/wp\/v2\/product\/3774","targetHints":{"allow":["GET"]}}],"collection":[{"href":"https:\/\/zintegrujemy.pl\/en\/wp-json\/wp\/v2\/product"}],"about":[{"href":"https:\/\/zintegrujemy.pl\/en\/wp-json\/wp\/v2\/types\/product"}],"wp:featuredmedia":[{"embeddable":true,"href":"https:\/\/zintegrujemy.pl\/en\/wp-json\/wp\/v2\/media\/3777"}],"wp:attachment":[{"href":"https:\/\/zintegrujemy.pl\/en\/wp-json\/wp\/v2\/media?parent=3774"}],"wp:term":[{"taxonomy":"product_brand","embeddable":true,"href":"https:\/\/zintegrujemy.pl\/en\/wp-json\/wp\/v2\/product_brand?post=3774"},{"taxonomy":"product_cat","embeddable":true,"href":"https:\/\/zintegrujemy.pl\/en\/wp-json\/wp\/v2\/product_cat?post=3774"},{"taxonomy":"product_tag","embeddable":true,"href":"https:\/\/zintegrujemy.pl\/en\/wp-json\/wp\/v2\/product_tag?post=3774"}],"curies":[{"name":"wp","href":"https:\/\/api.w.org\/{rel}","templated":true}]}}