{"id":3771,"date":"2025-04-22T13:53:04","date_gmt":"2025-04-22T11:53:04","guid":{"rendered":"https:\/\/zintegrujemy.pl\/?post_type=product&#038;p=3771"},"modified":"2025-07-14T14:48:42","modified_gmt":"2025-07-14T12:48:42","slug":"integracja-hurtowni-tim-woocommerce","status":"publish","type":"product","link":"https:\/\/zintegrujemy.pl\/en\/gotowe-integracje-hurtownie\/integracja-hurtowni-tim-woocommerce","title":{"rendered":"Integracja z hurtowni\u0105 elektrotechniczn\u0105 TIM S.A. z Woocommerce"},"content":{"rendered":"\n<div class=\"wp-block-uagb-container uagb-block-93975910 alignfull uagb-is-root-container\"><div class=\"uagb-container-inner-blocks-wrap\">\n<div class=\"wp-block-uagb-container uagb-block-04611bc6\">\n<h3 class=\"wp-block-heading\" style=\"font-size:26px\">\ud83d\udd0c Integracja z hurtowni\u0105 elektrotechniczn\u0105<br> TIM.pl (Hurt\/Dropshipping) z Woocommerce<\/h3>\n\n\n\n<p><strong>Cena<\/strong>: 199 z\u0142 netto \/ miesi\u0105c<br><strong>Jednorazowa op\u0142ata instalacyjna<\/strong>: 200 z\u0142 netto<\/p>\n\n\n\n<p><br><strong>Zakup przez:<\/strong><\/p>\n\n\n\n<div class=\"wp-block-uagb-buttons uagb-buttons__outer-wrap uagb-btn__default-btn uagb-btn-tablet__default-btn uagb-btn-mobile__default-btn uagb-block-e02055d2\"><div class=\"uagb-buttons__wrap uagb-buttons-layout-wrap \">\n<div class=\"wp-block-uagb-buttons-child uagb-buttons__outer-wrap uagb-block-b06fb003 wp-block-button\"><div class=\"uagb-button__wrapper\"><a class=\"uagb-buttons-repeater wp-block-button__link\" aria-label=\"\" href=\"https:\/\/zintegrujemy.pl\/cennik-gotowych-integracji\" rel=\"follow noopener\" target=\"_blank\" role=\"button\"><div class=\"uagb-button__link\">cennik integracji<\/div><span class=\"uagb-button__icon uagb-button__icon-position-after\"><svg xmlns=\"https:\/\/www.w3.org\/2000\/svg\" viewBox=\"0 0 448 512\" aria-hidden=\"true\" focussable=\"false\"><path d=\"M438.6 278.6l-160 160C272.4 444.9 264.2 448 256 448s-16.38-3.125-22.62-9.375c-12.5-12.5-12.5-32.75 0-45.25L338.8 288H32C14.33 288 .0016 273.7 .0016 256S14.33 224 32 224h306.8l-105.4-105.4c-12.5-12.5-12.5-32.75 0-45.25s32.75-12.5 45.25 0l160 160C451.1 245.9 451.1 266.1 438.6 278.6z\"><\/path><\/svg><\/span><\/a><\/div><\/div>\n<\/div><\/div>\n\n\n\n<p>Po zakupie otrzymasz dost\u0119p do aplikacji Zintegrujemy, w kt\u00f3rej skonfigurujesz integracj\u0119 i dostosujesz ustawienia aktualizacji danych w sklepie.<\/p>\n\n\n\n<p>*Aby m\u00f3c skorzysta\u0107 z integracji skontaktuj si\u0119 z hurtowni\u0105 Tim i nawi\u0105\u017c warunki wsp\u00f3\u0142pracy.<br>Tylko klienci posiadaj\u0105cy dost\u0119p do API w Tim.pl b\u0119d\u0105 mogli skorzysta\u0107 z integracji.<\/p>\n\n\n\n<p>*Hurtownia wsp\u00f3\u0142pracuje w hurcie oraz w dropshippingu.<\/p>\n<\/div>\n\n\n\n<div class=\"wp-block-uagb-container uagb-block-e7aaab66\">\n<div class=\"wp-block-uagb-image uagb-block-bf2814c4 wp-block-uagb-image--layout-default wp-block-uagb-image--effect-static wp-block-uagb-image--align-none\"><figure class=\"wp-block-uagb-image__figure\"><img decoding=\"async\" srcset=\"https:\/\/zintegrujemy.pl\/wp-content\/uploads\/tim_woocommerce.png ,https:\/\/zintegrujemy.pl\/wp-content\/uploads\/tim_woocommerce.png 780w, https:\/\/zintegrujemy.pl\/wp-content\/uploads\/tim_woocommerce.png 360w\" sizes=\"auto, (max-width: 480px) 150px\" src=\"https:\/\/zintegrujemy.pl\/wp-content\/uploads\/tim_woocommerce.png\" alt=\"\" class=\"uag-image-3772\" width=\"700\" height=\"500\" title=\"tim_woocommerce\" loading=\"lazy\" role=\"img\"\/><\/figure><\/div>\n<\/div>\n<\/div><\/div>\n\n\n\n<div class=\"wp-block-uagb-container uagb-block-c4063bfa alignfull uagb-is-root-container\"><div class=\"uagb-container-inner-blocks-wrap\">\n<h3 class=\"wp-block-heading has-text-align-center\" style=\"font-size:28px\">\ud83d\udd27 Kluczowe funkcje integracji<\/h3>\n\n\n\n<div style=\"height:40px\" aria-hidden=\"true\" class=\"wp-block-spacer\"><\/div>\n\n\n\n<h3 class=\"wp-block-heading\" style=\"font-size:23px\"><strong>1. Tworzenie nowych produkt\u00f3w:<\/strong><\/h3>\n\n\n\n<div class=\"wp-block-uagb-container uagb-block-9f3bcf0f\">\n<p><strong>Pierwszy import:<\/strong><\/p>\n\n\n\n<p>Automatyczne tworzenie produkt\u00f3w: zdj\u0119cia, ceny, nazwy, producenci, kategorie, atrybuty, jednostki, kody (SKU, EAN, producenta), wymiary paczki, stawek VAT, dost\u0119pno\u015b\u0107\/czas dostawy,<\/p>\n\n\n\n<p><strong>Hurtownia nie udost\u0119pnia opis\u00f3w.<\/strong><\/p>\n<\/div>\n\n\n\n<div class=\"wp-block-uagb-container uagb-block-cd59a59d\">\n<p><strong>Codzienna synchronizacja<\/strong>: <\/p>\n\n\n\n<p>Nowe produkty z oferty TIM s\u0105 pobierane raz dziennie i dodawane do sklepu.<\/p>\n<\/div>\n\n\n\n<div class=\"wp-block-uagb-container uagb-block-cbe03c3e\">\n<p><strong>Tworzenie kategorii<\/strong>: <\/p>\n\n\n\n<p>Produkty s\u0105 tworzone w drzewie kategorii z hurtowni, importuj\u0105 si\u0119 do ukrytej kategorii o nazwie zintegrujemy-tim.<\/p>\n\n\n\n<p><strong>Mapowanie kategorii i producent\u00f3w: <\/strong><\/p>\n\n\n\n<p>W aplikacji do zarz\u0105dzania integracj\u0105 mo\u017cna zmapowa\u0107 swoje kategorie z kategoriami hurtowni oraz producent\u00f3w z producentami hurtowni.<\/p>\n<\/div>\n\n\n\n<div class=\"wp-block-uagb-container uagb-block-09d8956f\">\n<p><strong>Opcje konfiguracji<\/strong>:<\/p>\n\n\n\n<ul class=\"wp-block-list\">\n<li>&#8211; Uwzgl\u0119dnianie ci\u0119tych kabli, kt\u00f3re mog\u0105 generowa\u0107 dodatkowe koszty.<\/li>\n\n\n\n<li>&#8211; Filtrowanie produkt\u00f3w dost\u0119pnych do wysy\u0142ki w 24h.<\/li>\n\n\n\n<li>&#8211; Wykluczanie produkt\u00f3w z magazyn\u00f3w zewn\u0119trznych.<\/li>\n\n\n\n<li>&#8211; Ukrywanie nowych produkt\u00f3w &#8211; tak\/nie<\/li>\n\n\n\n<li>&#8211; Zaokr\u0105glanie cen<\/li>\n\n\n\n<li>&#8211; Pobieranie produkt\u00f3w tylko ze zdj\u0119ciami &#8211; tak\/nie<\/li>\n\n\n\n<li>&#8211; Matchowanie kategorii i producent\u00f3w<\/li>\n\n\n\n<li>&#8211; Tworzenie regu\u0142 narzut\u00f3w<\/li>\n\n\n\n<li>&#8211; Wykluczanie produkt\u00f3w\/kategorii\/producent\u00f3w z integracji<\/li>\n<\/ul>\n<\/div>\n<\/div><\/div>\n\n\n\n<div class=\"wp-block-uagb-container uagb-block-bfe2f4de alignfull uagb-is-root-container\"><div class=\"uagb-container-inner-blocks-wrap\">\n<div class=\"wp-block-uagb-container uagb-block-5c22dc36\">\n<ul class=\"wp-block-list\">\n<li><strong>Cz\u0119stotliwo\u015b\u0107<\/strong>: Aktualizacja cen i stan\u00f3w magazynowych co 10 minut.<\/li>\n\n\n\n<li><\/li>\n\n\n\n<li><strong>Obs\u0142uga brak\u00f3w danych<\/strong>: Je\u015bli TIM nie zwr\u00f3ci ceny lub stanu magazynowego dla produktu, jest on oznaczany jako wycofany z oferty TIM.<\/li>\n\n\n\n<li><\/li>\n\n\n\n<li><strong>Narzuty cenowe i regu\u0142y:<\/strong><\/li>\n\n\n\n<li>\n<ul class=\"wp-block-list\">\n<li>Ustawienie globalnego narzutu procentowego.<br><\/li>\n\n\n\n<li>Zaokr\u0105glanie cen do pe\u0142nych <br>z\u0142ot\u00f3wek lub dziesi\u0105tek groszy, w g\u00f3r\u0119 lub w d\u00f3\u0142.<br><\/li>\n\n\n\n<li>Definiowanie narzut\u00f3w dla konkretnych produkt\u00f3w, kategorii lub producent\u00f3w.<br><\/li>\n\n\n\n<li>Tworzenie regu\u0142 narzut\u00f3w z cena od do doliczaj %.<br><br><strong>Przyk\u0142ad:<br><\/strong>cena zakupu w hurtowni:<br><br>&#8211; od 1 z\u0142 do 100 z\u0142 doliczaj 80%<br>&#8211; od 101 z\u0142 do 200 z\u0142 doliczaj 70%<br>&#8211; od 201 z\u0142 do 300 z\u0142 doliczaj 60%<\/li>\n<\/ul>\n<\/li>\n<\/ul>\n<\/div>\n\n\n\n<div class=\"wp-block-uagb-container uagb-block-3f7056ea\">\n<figure class=\"wp-block-image size-full\"><img loading=\"lazy\" decoding=\"async\" width=\"1855\" height=\"849\" src=\"https:\/\/zintegrujemy.pl\/wp-content\/uploads\/Screenshot_257.png\" alt=\"\" class=\"wp-image-3898\" style=\"aspect-ratio:3\/2;object-fit:cover\" srcset=\"https:\/\/zintegrujemy.pl\/wp-content\/uploads\/Screenshot_257.png 1855w, https:\/\/zintegrujemy.pl\/wp-content\/uploads\/Screenshot_257-600x275.png 600w, https:\/\/zintegrujemy.pl\/wp-content\/uploads\/Screenshot_257-1024x469.png 1024w, https:\/\/zintegrujemy.pl\/wp-content\/uploads\/Screenshot_257-450x206.png 450w, https:\/\/zintegrujemy.pl\/wp-content\/uploads\/Screenshot_257-768x351.png 768w, https:\/\/zintegrujemy.pl\/wp-content\/uploads\/Screenshot_257-1536x703.png 1536w, https:\/\/zintegrujemy.pl\/wp-content\/uploads\/Screenshot_257-150x69.png 150w, https:\/\/zintegrujemy.pl\/wp-content\/uploads\/Screenshot_257-300x137.png 300w\" sizes=\"auto, (max-width: 1855px) 100vw, 1855px\" \/><\/figure>\n<\/div>\n<\/div><\/div>\n\n\n\n<div class=\"wp-block-uagb-container uagb-block-e057dfbb alignfull uagb-is-root-container\"><div class=\"uagb-container-inner-blocks-wrap\">\n<div class=\"wp-block-uagb-container uagb-block-f2c42744\">\n<p><strong>Synchronizacja zmian<\/strong>: <\/p>\n\n\n\n<p>Produkty, kt\u00f3re zosta\u0142y zaktualizowane od momentu ostatniej synchronizacji (co 10 minut), s\u0105 aktualizowane w sklepie.<\/p>\n<\/div>\n\n\n\n<div class=\"wp-block-uagb-container uagb-block-e3b5b216\">\n<p><strong>Obs\u0142uga wycofanych produkt\u00f3w<\/strong>:<\/p>\n\n\n\n<p>Je\u015bli produkt jest tymczasowo wycofany z oferty, jego stan magazynowy jest ustawiany na 0. Natomiast je\u017celi produkt jest wycofany definitywnie, jest usuwany ze sklepu.<\/p>\n<\/div>\n\n\n\n<div class=\"wp-block-uagb-container uagb-block-f0b2b300\">\n<p><strong>Zakres aktualizacji<\/strong>: <\/p>\n\n\n\n<p>Codzienne cykliczne aktualizacje odbywaj\u0105 si\u0119 w iteracjach co 10 min. <br>Zmiany obejmuj\u0105 cen\u0119 i stan magazynowy.<\/p>\n<\/div>\n<\/div><\/div>\n\n\n\n<div class=\"wp-block-uagb-container uagb-block-5d579702 alignfull uagb-is-root-container\"><div class=\"uagb-container-inner-blocks-wrap\">\n<div class=\"wp-block-uagb-container uagb-block-f2465b3f\">\n<p><strong>Automatyczne usuwanie<\/strong>: Produkty, kt\u00f3re zosta\u0142y wycofane z oferty TIM, s\u0105 usuwane ze sklepu po okre\u015blonym czasie \u2013 maksymalnie do 30 dni, w zale\u017cno\u015bci od ustawie\u0144 integracji.<\/p>\n<\/div>\n\n\n\n<div class=\"wp-block-uagb-container uagb-block-b856b5b2\">\n<figure class=\"wp-block-image size-large\"><img loading=\"lazy\" decoding=\"async\" width=\"1024\" height=\"602\" src=\"https:\/\/zintegrujemy.pl\/wp-content\/uploads\/Screenshot_259-1024x602.png\" alt=\"\" class=\"wp-image-3913\" srcset=\"https:\/\/zintegrujemy.pl\/wp-content\/uploads\/Screenshot_259-1024x602.png 1024w, https:\/\/zintegrujemy.pl\/wp-content\/uploads\/Screenshot_259-600x353.png 600w, https:\/\/zintegrujemy.pl\/wp-content\/uploads\/Screenshot_259-450x265.png 450w, https:\/\/zintegrujemy.pl\/wp-content\/uploads\/Screenshot_259-768x452.png 768w, https:\/\/zintegrujemy.pl\/wp-content\/uploads\/Screenshot_259-150x88.png 150w, https:\/\/zintegrujemy.pl\/wp-content\/uploads\/Screenshot_259-300x176.png 300w, https:\/\/zintegrujemy.pl\/wp-content\/uploads\/Screenshot_259.png 1347w\" sizes=\"auto, (max-width: 1024px) 100vw, 1024px\" \/><\/figure>\n<\/div>\n<\/div><\/div>\n\n\n\n<div class=\"wp-block-uagb-container uagb-block-ba434ecf alignfull uagb-is-root-container\"><div class=\"uagb-container-inner-blocks-wrap\">\n<div class=\"wp-block-uagb-container uagb-block-f756da61\">\n<p>Narzuty cenowe mo\u017cna definiowa\u0107 na r\u00f3\u017cnych poziomach, <br>z nast\u0119puj\u0105cym priorytetem (od najwy\u017cszego):<\/p>\n\n\n\n<ol class=\"wp-block-list\">\n<li>Narzut na produkt<\/li>\n\n\n\n<li>Narzut na producenta<\/li>\n\n\n\n<li>Narzut na kategori\u0119<\/li>\n\n\n\n<li>Narzut globalny<\/li>\n<\/ol>\n\n\n\n<p>Oznacza to, \u017ce je\u015bli produkt nie ma przypisanego bezpo\u015bredniego narzutu, ale ma przypisany narzut 5% na producenta, 10% na kategori\u0119 i 15% globalny, cena produktu w sklepie b\u0119dzie zdefiniowana z 5% narzutem.<\/p>\n<\/div>\n\n\n\n<div class=\"wp-block-uagb-container uagb-block-7933ce42\">\n<figure class=\"wp-block-image size-large\"><img loading=\"lazy\" decoding=\"async\" width=\"1024\" height=\"334\" src=\"https:\/\/zintegrujemy.pl\/wp-content\/uploads\/Screenshot_260-1024x334.png\" alt=\"\" class=\"wp-image-3916\" srcset=\"https:\/\/zintegrujemy.pl\/wp-content\/uploads\/Screenshot_260-1024x334.png 1024w, https:\/\/zintegrujemy.pl\/wp-content\/uploads\/Screenshot_260-600x196.png 600w, https:\/\/zintegrujemy.pl\/wp-content\/uploads\/Screenshot_260-450x147.png 450w, https:\/\/zintegrujemy.pl\/wp-content\/uploads\/Screenshot_260-768x251.png 768w, https:\/\/zintegrujemy.pl\/wp-content\/uploads\/Screenshot_260-1536x501.png 1536w, https:\/\/zintegrujemy.pl\/wp-content\/uploads\/Screenshot_260-150x49.png 150w, https:\/\/zintegrujemy.pl\/wp-content\/uploads\/Screenshot_260-300x98.png 300w, https:\/\/zintegrujemy.pl\/wp-content\/uploads\/Screenshot_260.png 1685w\" sizes=\"auto, (max-width: 1024px) 100vw, 1024px\" \/><\/figure>\n<\/div>\n<\/div><\/div>\n\n\n\n<div class=\"wp-block-uagb-container uagb-block-6ed9bc6e alignfull uagb-is-root-container\"><div class=\"uagb-container-inner-blocks-wrap\">\n<h3 class=\"wp-block-heading\" style=\"font-size:26px\">\ud83c\udfe2 O hurtowni TIM S.A. &#8211; Hurt \/ Dropshipping.<\/h3>\n\n\n\n<p><strong>TIM SA<\/strong>&nbsp;to najwi\u0119kszy w Polsce&nbsp;<strong>hurtowy dystrybutor artyku\u0142\u00f3w elektrotechnicznych<\/strong>, z ponad 35-letnim do\u015bwiadczeniem w bran\u017cy. Oferuje ponad 370 tys. produkt\u00f3w \u2013 od kabli i osprz\u0119tu, przez automatyk\u0119, po fotowoltaik\u0119 i pompy ciep\u0142a. Dzi\u0119ki integracji API klienci mog\u0105 szybko i wygodnie pobiera\u0107 pe\u0142n\u0105 baz\u0119 produktow\u0105 wraz z cenami po rabacie, stanami magazynowymi i danymi technicznymi. Nowoczesne centrum logistyczne 3LP o powierzchni 75 000 m\u00b2 zapewnia szybk\u0105 realizacj\u0119 zam\u00f3wie\u0144, nawet w 24h, a ka\u017cdy klient biznesowy otrzymuje indywidualne wsparcie i dost\u0119p do atrakcyjnych warunk\u00f3w handlowych.&nbsp;<strong>TIM SA to sprawdzony i stabilny partner dla sklep\u00f3w internetowych<\/strong>, eliminuj\u0105cy koszty magazynowania i u\u0142atwiaj\u0105cy sprzeda\u017c produkt\u00f3w elektrotechnicznych.<\/p>\n\n\n\n<p>*<strong>Aby skorzysta\u0107 z integracji skontaktuj si\u0119 z hurtowni\u0105 Tim i nawi\u0105\u017c warunki wsp\u00f3\u0142pracy. Tylko klienci posiadaj\u0105cy dost\u0119p do API w Tim.pl b\u0119d\u0105 mogli skorzysta\u0107 z integracji.<\/strong><\/p>\n\n\n\n<p>Strona hurtowni: <a href=\"https:\/\/www.tim.pl\/\" target=\"_blank\" rel=\"noopener\">Tim.pl<\/a><\/p>\n\n\n\n<p><strong>*Hurtownia wsp\u00f3\u0142pracuje w hurcie oraz w dropshippingu.<\/strong><\/p>\n<\/div><\/div>\n","protected":false},"excerpt":{"rendered":"<p>\ud83d\udd0c Integracja z hurtowni\u0105 elektrotechniczn\u0105 TIM.pl (Hurt\/Dropshipping) z Woocommerce Cena: 199 z\u0142 netto \/ miesi\u0105cJednorazowa op\u0142ata instalacyjna: 200 z\u0142 netto Zakup przez: Po zakupie otrzymasz dost\u0119p do aplikacji Zintegrujemy, w kt\u00f3rej skonfigurujesz integracj\u0119 i dostosujesz ustawienia aktualizacji danych w sklepie. *Aby m\u00f3c skorzysta\u0107 z integracji skontaktuj si\u0119 z hurtowni\u0105 Tim i nawi\u0105\u017c warunki wsp\u00f3\u0142pracy.Tylko klienci&#8230; <span class=\"excerpt\"><a class=\"button button-excerpt\" href=\"https:\/\/zintegrujemy.pl\/en\/gotowe-integracje-hurtownie\/integracja-hurtowni-tim-woocommerce\" class=\"more-link\">Read more <span class=\"screen-reader-text\">Integracja z hurtowni\u0105 elektrotechniczn\u0105 TIM S.A. z Woocommerce<\/span><\/a><\/span><\/p>\n","protected":false},"featured_media":3772,"template":"","meta":{"_acf_changed":false,"_uag_custom_page_level_css":""},"product_brand":[],"product_cat":[28],"product_tag":[],"class_list":{"0":"post-3771","1":"product","2":"type-product","3":"status-publish","4":"has-post-thumbnail","6":"product_cat-hurtownie","8":"first","9":"instock","10":"taxable","11":"shipping-taxable","12":"product-type-simple"},"acf":[],"uagb_featured_image_src":{"full":["https:\/\/zintegrujemy.pl\/wp-content\/uploads\/tim_woocommerce.png",700,467,false],"thumbnail":["https:\/\/zintegrujemy.pl\/wp-content\/uploads\/tim_woocommerce-450x300.png",450,300,true],"medium":["https:\/\/zintegrujemy.pl\/wp-content\/uploads\/tim_woocommerce-600x400.png",600,400,true],"medium_large":["https:\/\/zintegrujemy.pl\/wp-content\/uploads\/tim_woocommerce.png",640,427,false],"large":["https:\/\/zintegrujemy.pl\/wp-content\/uploads\/tim_woocommerce.png",640,427,false],"1536x1536":["https:\/\/zintegrujemy.pl\/wp-content\/uploads\/tim_woocommerce.png",700,467,false],"2048x2048":["https:\/\/zintegrujemy.pl\/wp-content\/uploads\/tim_woocommerce.png",700,467,false],"woocommerce_thumbnail":["https:\/\/zintegrujemy.pl\/wp-content\/uploads\/tim_woocommerce-150x100.png",150,100,true],"woocommerce_single":["https:\/\/zintegrujemy.pl\/wp-content\/uploads\/tim_woocommerce-300x200.png",300,200,true],"woocommerce_gallery_thumbnail":["https:\/\/zintegrujemy.pl\/wp-content\/uploads\/tim_woocommerce-100x100.png",100,100,true]},"uagb_author_info":{"display_name":"Tomek","author_link":"https:\/\/zintegrujemy.pl\/en\/author"},"uagb_comment_info":0,"uagb_excerpt":"\ud83d\udd0c Integracja z hurtowni\u0105 elektrotechniczn\u0105 TIM.pl (Hurt\/Dropshipping) z Woocommerce Cena: 199 z\u0142 netto \/ miesi\u0105cJednorazowa op\u0142ata instalacyjna: 200 z\u0142 netto Zakup przez: Po zakupie otrzymasz dost\u0119p do aplikacji Zintegrujemy, w kt\u00f3rej skonfigurujesz integracj\u0119 i dostosujesz ustawienia aktualizacji danych w sklepie. *Aby m\u00f3c skorzysta\u0107 z integracji skontaktuj si\u0119 z hurtowni\u0105 Tim i nawi\u0105\u017c warunki wsp\u00f3\u0142pracy.Tylko klienci...&hellip;","_links":{"self":[{"href":"https:\/\/zintegrujemy.pl\/en\/wp-json\/wp\/v2\/product\/3771","targetHints":{"allow":["GET"]}}],"collection":[{"href":"https:\/\/zintegrujemy.pl\/en\/wp-json\/wp\/v2\/product"}],"about":[{"href":"https:\/\/zintegrujemy.pl\/en\/wp-json\/wp\/v2\/types\/product"}],"wp:featuredmedia":[{"embeddable":true,"href":"https:\/\/zintegrujemy.pl\/en\/wp-json\/wp\/v2\/media\/3772"}],"wp:attachment":[{"href":"https:\/\/zintegrujemy.pl\/en\/wp-json\/wp\/v2\/media?parent=3771"}],"wp:term":[{"taxonomy":"product_brand","embeddable":true,"href":"https:\/\/zintegrujemy.pl\/en\/wp-json\/wp\/v2\/product_brand?post=3771"},{"taxonomy":"product_cat","embeddable":true,"href":"https:\/\/zintegrujemy.pl\/en\/wp-json\/wp\/v2\/product_cat?post=3771"},{"taxonomy":"product_tag","embeddable":true,"href":"https:\/\/zintegrujemy.pl\/en\/wp-json\/wp\/v2\/product_tag?post=3771"}],"curies":[{"name":"wp","href":"https:\/\/api.w.org\/{rel}","templated":true}]}}